{"id":139,"date":"2022-02-03T18:34:44","date_gmt":"2022-02-03T17:34:44","guid":{"rendered":"https:\/\/ilsimprimerie.fr\/?page_id=139"},"modified":"2022-02-15T09:10:24","modified_gmt":"2022-02-15T08:10:24","slug":"prestations-services","status":"publish","type":"page","link":"https:\/\/ilsimprimerie.fr\/index.php\/prestations-services\/","title":{"rendered":"Prestations &#038; services"},"content":{"rendered":"\n<div class=\"wp-block-cover has-background-dim-30 has-background-dim\"><img loading=\"lazy\" width=\"1024\" height=\"267\" class=\"wp-block-cover__image-background wp-image-295\" alt=\"\" src=\"https:\/\/ilsimprimerie.fr\/wp-content\/uploads\/2022\/02\/ILS-Imprimerie_03-1024x267.png\" data-object-fit=\"cover\" srcset=\"https:\/\/ilsimprimerie.fr\/wp-content\/uploads\/2022\/02\/ILS-Imprimerie_03-1024x267.png 1024w, https:\/\/ilsimprimerie.fr\/wp-content\/uploads\/2022\/02\/ILS-Imprimerie_03-300x78.png 300w, https:\/\/ilsimprimerie.fr\/wp-content\/uploads\/2022\/02\/ILS-Imprimerie_03-768x200.png 768w, https:\/\/ilsimprimerie.fr\/wp-content\/uploads\/2022\/02\/ILS-Imprimerie_03-1536x400.png 1536w, https:\/\/ilsimprimerie.fr\/wp-content\/uploads\/2022\/02\/ILS-Imprimerie_03.png 1920w\" sizes=\"(max-width: 1024px) 100vw, 1024px\" \/><div class=\"wp-block-cover__inner-container\">\n<p class=\"has-text-align-center\" style=\"font-size:56px\">Prestations &amp; services<\/p>\n<\/div><\/div>\n\n\n\n<div style=\"height:60px\" aria-hidden=\"true\" class=\"wp-block-spacer\"><\/div>\n\n\n\n<div class=\"wp-block-columns are-vertically-aligned-top\">\n<div class=\"wp-block-column is-vertically-aligned-top\">\n<h4 class=\"has-text-align-center has-text-color\" style=\"color:#651c2a\">Cr\u00e9ation graphique <\/h4>\n\n\n\n<div class=\"wp-block-image\"><figure class=\"aligncenter size-full\"><img loading=\"lazy\" width=\"350\" height=\"350\" src=\"https:\/\/ilsimprimerie.fr\/wp-content\/uploads\/2022\/02\/ILS_Crea.png\" alt=\"\" class=\"wp-image-384\" srcset=\"https:\/\/ilsimprimerie.fr\/wp-content\/uploads\/2022\/02\/ILS_Crea.png 350w, https:\/\/ilsimprimerie.fr\/wp-content\/uploads\/2022\/02\/ILS_Crea-300x300.png 300w, https:\/\/ilsimprimerie.fr\/wp-content\/uploads\/2022\/02\/ILS_Crea-150x150.png 150w\" sizes=\"(max-width: 350px) 100vw, 350px\" \/><figcaption>Cr\u00e9ation de logo, identit\u00e9 visuelle, brochure, catalogue, d\u00e9pliant, etc. <a href=\"https:\/\/ilsimprimerie.fr\/index.php\/creation-graphique-print\/\" data-type=\"URL\" data-id=\"https:\/\/ilsimprimerie.fr\/index.php\/creation-graphique-print\/\">En savoir plus &gt;&gt;<\/a><\/figcaption><\/figure><\/div>\n<\/div>\n\n\n\n<div class=\"wp-block-column is-vertically-aligned-top\">\n<h4 class=\"has-text-align-center has-text-color\" style=\"color:#651c2a\">Impression<\/h4>\n\n\n\n<div class=\"wp-block-image\"><figure class=\"aligncenter size-full\"><img loading=\"lazy\" width=\"350\" height=\"350\" src=\"https:\/\/ilsimprimerie.fr\/wp-content\/uploads\/2022\/02\/Print_ILS.png\" alt=\"\" class=\"wp-image-304\" srcset=\"https:\/\/ilsimprimerie.fr\/wp-content\/uploads\/2022\/02\/Print_ILS.png 350w, https:\/\/ilsimprimerie.fr\/wp-content\/uploads\/2022\/02\/Print_ILS-300x300.png 300w, https:\/\/ilsimprimerie.fr\/wp-content\/uploads\/2022\/02\/Print_ILS-150x150.png 150w\" sizes=\"(max-width: 350px) 100vw, 350px\" \/><figcaption>Impression num\u00e9rique, offset, fa\u00e7onnage personnalis\u00e9, <a href=\"http:\/\/ilsimprimerie.fr\/index.php\/impression\/\" data-type=\"URL\" data-id=\"http:\/\/ilsimprimerie.fr\/index.php\/impression\/\">En savoir plus &gt;&gt;<\/a><\/figcaption><\/figure><\/div>\n<\/div>\n\n\n\n<div class=\"wp-block-column is-vertically-aligned-top\">\n<h4 class=\"has-text-align-center has-text-color\" style=\"color:#651c2a\">\u00c9v\u00e8nementiel &amp; PLV<\/h4>\n\n\n\n<div class=\"wp-block-image\"><figure class=\"aligncenter size-full\"><img loading=\"lazy\" width=\"350\" height=\"350\" src=\"http:\/\/ilsimprimerie.fr\/wp-content\/uploads\/2022\/02\/Roll-up.png\" alt=\"\" class=\"wp-image-378\" srcset=\"https:\/\/ilsimprimerie.fr\/wp-content\/uploads\/2022\/02\/Roll-up.png 350w, https:\/\/ilsimprimerie.fr\/wp-content\/uploads\/2022\/02\/Roll-up-300x300.png 300w, https:\/\/ilsimprimerie.fr\/wp-content\/uploads\/2022\/02\/Roll-up-150x150.png 150w\" sizes=\"(max-width: 350px) 100vw, 350px\" \/><figcaption>Roll-up, visuel de stand, kak\u00e9mono, packaging, <a href=\"https:\/\/ilsimprimerie.fr\/index.php\/evenementiel-plv\/\">En savoir plus &gt;&gt;<\/a><\/figcaption><\/figure><\/div>\n<\/div>\n<\/div>\n\n\n\n<div class=\"wp-block-columns\">\n<div class=\"wp-block-column\">\n<h4 class=\"has-text-align-center has-text-color\" style=\"color:#651c2a\">Objets &amp; v\u00eatements publicitaires<\/h4>\n\n\n\n<div class=\"wp-block-image\"><figure class=\"aligncenter size-full\"><img loading=\"lazy\" width=\"350\" height=\"350\" src=\"https:\/\/ilsimprimerie.fr\/wp-content\/uploads\/2022\/02\/Goodies.png\" alt=\"\" class=\"wp-image-390\" srcset=\"https:\/\/ilsimprimerie.fr\/wp-content\/uploads\/2022\/02\/Goodies.png 350w, https:\/\/ilsimprimerie.fr\/wp-content\/uploads\/2022\/02\/Goodies-300x300.png 300w, https:\/\/ilsimprimerie.fr\/wp-content\/uploads\/2022\/02\/Goodies-150x150.png 150w\" sizes=\"(max-width: 350px) 100vw, 350px\" \/><figcaption>Communication par l&rsquo;objet, textile, etc. <a href=\"https:\/\/ilsimprimerie.fr\/index.php\/objets-et-vetements-publicitaires\/\">En savoir plus &gt;&gt;<\/a><\/figcaption><\/figure><\/div>\n<\/div>\n\n\n\n<div class=\"wp-block-column\">\n<h4 class=\"has-text-align-center has-text-color\" style=\"color:#651c2a\">Services aux particuliers<\/h4>\n\n\n\n<div class=\"wp-block-image\"><figure class=\"aligncenter size-full\"><img loading=\"lazy\" width=\"350\" height=\"350\" src=\"https:\/\/ilsimprimerie.fr\/wp-content\/uploads\/2022\/02\/Faire-part.png\" alt=\"\" class=\"wp-image-393\" srcset=\"https:\/\/ilsimprimerie.fr\/wp-content\/uploads\/2022\/02\/Faire-part.png 350w, https:\/\/ilsimprimerie.fr\/wp-content\/uploads\/2022\/02\/Faire-part-300x300.png 300w, https:\/\/ilsimprimerie.fr\/wp-content\/uploads\/2022\/02\/Faire-part-150x150.png 150w\" sizes=\"(max-width: 350px) 100vw, 350px\" \/><figcaption>Faire-part (naissance, mariage) Invitation, etc. <a href=\"https:\/\/ilsimprimerie.fr\/index.php\/services-aux-particuliers\/\">En savoir plus &gt;&gt;<\/a><\/figcaption><\/figure><\/div>\n<\/div>\n\n\n\n<div class=\"wp-block-column\"><\/div>\n<\/div>\n\n\n\n<div class=\"wp-block-image\"><figure class=\"aligncenter size-full\"><img loading=\"lazy\" width=\"100\" height=\"63\" src=\"http:\/\/ilsimprimerie.fr\/wp-content\/uploads\/2022\/02\/LOGO-ILS-FLAT-FEV-2022-copie.png\" alt=\"\" class=\"wp-image-489\"\/><\/figure><\/div>\n\n\n\n<div class=\"wp-block-image\"><figure class=\"aligncenter size-full is-resized\"><img loading=\"lazy\" src=\"https:\/\/ilsimprimerie.fr\/wp-content\/uploads\/2022\/02\/Bandeau-ILS.jpg\" alt=\"\" class=\"wp-image-354\" width=\"450\" height=\"100\" srcset=\"https:\/\/ilsimprimerie.fr\/wp-content\/uploads\/2022\/02\/Bandeau-ILS.jpg 1800w, https:\/\/ilsimprimerie.fr\/wp-content\/uploads\/2022\/02\/Bandeau-ILS-300x67.jpg 300w, https:\/\/ilsimprimerie.fr\/wp-content\/uploads\/2022\/02\/Bandeau-ILS-1024x227.jpg 1024w, https:\/\/ilsimprimerie.fr\/wp-content\/uploads\/2022\/02\/Bandeau-ILS-768x170.jpg 768w, https:\/\/ilsimprimerie.fr\/wp-content\/uploads\/2022\/02\/Bandeau-ILS-1536x340.jpg 1536w\" sizes=\"(max-width: 450px) 100vw, 450px\" \/><\/figure><\/div>\n\n\n\n<h2 class=\"has-text-align-center has-text-color\" style=\"color:#651c2a\">Votre partenaire communication en \u00cele-de-France<\/h2>\n\n\n\n<p class=\"has-text-align-center\">Cartes de visite, Supports d\u2019aide \u00e0 la vente, Argumentaire produit, Catalogue de vente<br>Book de d\u00e9monstration, Contrat commercial d\u00e9mat\u00e9rialis\u00e9, Encart publicitaire<br>PLV, Packaging, Objets publicitaires, Textile.<\/p>\n\n\n\n<div style=\"height:24px\" aria-hidden=\"true\" class=\"wp-block-spacer\"><\/div>\n","protected":false},"excerpt":{"rendered":"<p>Cr\u00e9ation graphique Impression \u00c9v\u00e8nementiel &amp; PLV Objets &amp; v\u00eatements publicitaires Services aux particuliers Votre partenaire communication en \u00cele-de-France Cartes de visite, Supports d\u2019aide \u00e0 la vente, Argumentaire produit, Catalogue de venteBook de d\u00e9monstration, Contrat commercial d\u00e9mat\u00e9rialis\u00e9, Encart publicitairePLV, Packaging, Objets publicitaires, Textile.<\/p>\n","protected":false},"author":1,"featured_media":0,"parent":0,"menu_order":0,"comment_status":"closed","ping_status":"closed","template":"page-templates\/pagebuilder.php","meta":[],"yoast_head":"<!-- This site is optimized with the Yoast SEO plugin v18.1 - https:\/\/yoast.com\/wordpress\/plugins\/seo\/ -->\n<title>Prestations &amp; services - I.L.S IMPRIMERIE<\/title>\n<meta name=\"description\" content=\"Prestations &amp; services de l&#039;agence I.L.S - Cr\u00e9ation graphique et impression \u00e0 Maisons-Alfort et \u00cele-de-France\" \/>\n<meta name=\"robots\" content=\"index, follow, max-snippet:-1, max-image-preview:large, max-video-preview:-1\" \/>\n<link rel=\"canonical\" href=\"https:\/\/ilsimprimerie.fr\/index.php\/prestations-services\/\" \/>\n<meta property=\"og:locale\" content=\"fr_FR\" \/>\n<meta property=\"og:type\" content=\"article\" \/>\n<meta property=\"og:title\" content=\"Prestations &amp; services - I.L.S IMPRIMERIE\" \/>\n<meta property=\"og:description\" content=\"Prestations &amp; services de l&#039;agence I.L.S - Cr\u00e9ation graphique et impression \u00e0 Maisons-Alfort et \u00cele-de-France\" \/>\n<meta property=\"og:url\" content=\"https:\/\/ilsimprimerie.fr\/index.php\/prestations-services\/\" \/>\n<meta property=\"og:site_name\" content=\"I.L.S IMPRIMERIE\" \/>\n<meta property=\"article:modified_time\" content=\"2022-02-15T08:10:24+00:00\" \/>\n<meta property=\"og:image\" content=\"https:\/\/ilsimprimerie.fr\/wp-content\/uploads\/2022\/02\/ILS-Imprimerie_03-1024x267.png\" \/>\n<meta name=\"twitter:card\" content=\"summary_large_image\" \/>\n<meta name=\"twitter:label1\" content=\"Dur\u00e9e de lecture estim\u00e9e\" \/>\n\t<meta name=\"twitter:data1\" content=\"3 minutes\" \/>\n<script type=\"application\/ld+json\" class=\"yoast-schema-graph\">{\"@context\":\"https:\/\/schema.org\",\"@graph\":[{\"@type\":\"WebSite\",\"@id\":\"https:\/\/ilsimprimerie.fr\/#website\",\"url\":\"https:\/\/ilsimprimerie.fr\/\",\"name\":\"I.L.S IMPRIMERIE\",\"description\":\"Cr\u00e9ation graphique \/  Conseil  \/ Impression\",\"potentialAction\":[{\"@type\":\"SearchAction\",\"target\":{\"@type\":\"EntryPoint\",\"urlTemplate\":\"https:\/\/ilsimprimerie.fr\/?s={search_term_string}\"},\"query-input\":\"required name=search_term_string\"}],\"inLanguage\":\"fr-FR\"},{\"@type\":\"ImageObject\",\"@id\":\"https:\/\/ilsimprimerie.fr\/index.php\/prestations-services\/#primaryimage\",\"inLanguage\":\"fr-FR\",\"url\":\"https:\/\/ilsimprimerie.fr\/wp-content\/uploads\/2022\/02\/ILS-Imprimerie_03.png\",\"contentUrl\":\"https:\/\/ilsimprimerie.fr\/wp-content\/uploads\/2022\/02\/ILS-Imprimerie_03.png\",\"width\":1920,\"height\":500},{\"@type\":\"WebPage\",\"@id\":\"https:\/\/ilsimprimerie.fr\/index.php\/prestations-services\/#webpage\",\"url\":\"https:\/\/ilsimprimerie.fr\/index.php\/prestations-services\/\",\"name\":\"Prestations & services - I.L.S IMPRIMERIE\",\"isPartOf\":{\"@id\":\"https:\/\/ilsimprimerie.fr\/#website\"},\"primaryImageOfPage\":{\"@id\":\"https:\/\/ilsimprimerie.fr\/index.php\/prestations-services\/#primaryimage\"},\"datePublished\":\"2022-02-03T17:34:44+00:00\",\"dateModified\":\"2022-02-15T08:10:24+00:00\",\"description\":\"Prestations & services de l'agence I.L.S - Cr\u00e9ation graphique et impression \u00e0 Maisons-Alfort et \u00cele-de-France\",\"breadcrumb\":{\"@id\":\"https:\/\/ilsimprimerie.fr\/index.php\/prestations-services\/#breadcrumb\"},\"inLanguage\":\"fr-FR\",\"potentialAction\":[{\"@type\":\"ReadAction\",\"target\":[\"https:\/\/ilsimprimerie.fr\/index.php\/prestations-services\/\"]}]},{\"@type\":\"BreadcrumbList\",\"@id\":\"https:\/\/ilsimprimerie.fr\/index.php\/prestations-services\/#breadcrumb\",\"itemListElement\":[{\"@type\":\"ListItem\",\"position\":1,\"name\":\"Accueil\",\"item\":\"https:\/\/ilsimprimerie.fr\/\"},{\"@type\":\"ListItem\",\"position\":2,\"name\":\"Prestations &#038; services\"}]}]}<\/script>\n<!-- \/ Yoast SEO plugin. -->","yoast_head_json":{"title":"Prestations & services - I.L.S IMPRIMERIE","description":"Prestations & services de l'agence I.L.S - Cr\u00e9ation graphique et impression \u00e0 Maisons-Alfort et \u00cele-de-France","robots":{"index":"index","follow":"follow","max-snippet":"max-snippet:-1","max-image-preview":"max-image-preview:large","max-video-preview":"max-video-preview:-1"},"canonical":"https:\/\/ilsimprimerie.fr\/index.php\/prestations-services\/","og_locale":"fr_FR","og_type":"article","og_title":"Prestations & services - I.L.S IMPRIMERIE","og_description":"Prestations & services de l'agence I.L.S - Cr\u00e9ation graphique et impression \u00e0 Maisons-Alfort et \u00cele-de-France","og_url":"https:\/\/ilsimprimerie.fr\/index.php\/prestations-services\/","og_site_name":"I.L.S IMPRIMERIE","article_modified_time":"2022-02-15T08:10:24+00:00","og_image":[{"url":"https:\/\/ilsimprimerie.fr\/wp-content\/uploads\/2022\/02\/ILS-Imprimerie_03-1024x267.png"}],"twitter_card":"summary_large_image","twitter_misc":{"Dur\u00e9e de lecture estim\u00e9e":"3 minutes"},"schema":{"@context":"https:\/\/schema.org","@graph":[{"@type":"WebSite","@id":"https:\/\/ilsimprimerie.fr\/#website","url":"https:\/\/ilsimprimerie.fr\/","name":"I.L.S IMPRIMERIE","description":"Cr\u00e9ation graphique \/  Conseil  \/ Impression","potentialAction":[{"@type":"SearchAction","target":{"@type":"EntryPoint","urlTemplate":"https:\/\/ilsimprimerie.fr\/?s={search_term_string}"},"query-input":"required name=search_term_string"}],"inLanguage":"fr-FR"},{"@type":"ImageObject","@id":"https:\/\/ilsimprimerie.fr\/index.php\/prestations-services\/#primaryimage","inLanguage":"fr-FR","url":"https:\/\/ilsimprimerie.fr\/wp-content\/uploads\/2022\/02\/ILS-Imprimerie_03.png","contentUrl":"https:\/\/ilsimprimerie.fr\/wp-content\/uploads\/2022\/02\/ILS-Imprimerie_03.png","width":1920,"height":500},{"@type":"WebPage","@id":"https:\/\/ilsimprimerie.fr\/index.php\/prestations-services\/#webpage","url":"https:\/\/ilsimprimerie.fr\/index.php\/prestations-services\/","name":"Prestations & services - I.L.S IMPRIMERIE","isPartOf":{"@id":"https:\/\/ilsimprimerie.fr\/#website"},"primaryImageOfPage":{"@id":"https:\/\/ilsimprimerie.fr\/index.php\/prestations-services\/#primaryimage"},"datePublished":"2022-02-03T17:34:44+00:00","dateModified":"2022-02-15T08:10:24+00:00","description":"Prestations & services de l'agence I.L.S - Cr\u00e9ation graphique et impression \u00e0 Maisons-Alfort et \u00cele-de-France","breadcrumb":{"@id":"https:\/\/ilsimprimerie.fr\/index.php\/prestations-services\/#breadcrumb"},"inLanguage":"fr-FR","potentialAction":[{"@type":"ReadAction","target":["https:\/\/ilsimprimerie.fr\/index.php\/prestations-services\/"]}]},{"@type":"BreadcrumbList","@id":"https:\/\/ilsimprimerie.fr\/index.php\/prestations-services\/#breadcrumb","itemListElement":[{"@type":"ListItem","position":1,"name":"Accueil","item":"https:\/\/ilsimprimerie.fr\/"},{"@type":"ListItem","position":2,"name":"Prestations &#038; services"}]}]}},"_links":{"self":[{"href":"https:\/\/ilsimprimerie.fr\/index.php\/wp-json\/wp\/v2\/pages\/139"}],"collection":[{"href":"https:\/\/ilsimprimerie.fr\/index.php\/wp-json\/wp\/v2\/pages"}],"about":[{"href":"https:\/\/ilsimprimerie.fr\/index.php\/wp-json\/wp\/v2\/types\/page"}],"author":[{"embeddable":true,"href":"https:\/\/ilsimprimerie.fr\/index.php\/wp-json\/wp\/v2\/users\/1"}],"replies":[{"embeddable":true,"href":"https:\/\/ilsimprimerie.fr\/index.php\/wp-json\/wp\/v2\/comments?post=139"}],"version-history":[{"count":43,"href":"https:\/\/ilsimprimerie.fr\/index.php\/wp-json\/wp\/v2\/pages\/139\/revisions"}],"predecessor-version":[{"id":646,"href":"https:\/\/ilsimprimerie.fr\/index.php\/wp-json\/wp\/v2\/pages\/139\/revisions\/646"}],"wp:attachment":[{"href":"https:\/\/ilsimprimerie.fr\/index.php\/wp-json\/wp\/v2\/media?parent=139"}],"curies":[{"name":"wp","href":"https:\/\/api.w.org\/{rel}","templated":true}]}}