{"id":147,"date":"2022-02-03T18:42:41","date_gmt":"2022-02-03T17:42:41","guid":{"rendered":"https:\/\/ilsimprimerie.fr\/?page_id=147"},"modified":"2022-02-14T09:55:04","modified_gmt":"2022-02-14T08:55:04","slug":"objets-et-vetements-publicitaires","status":"publish","type":"page","link":"https:\/\/ilsimprimerie.fr\/index.php\/objets-et-vetements-publicitaires\/","title":{"rendered":"Objets et v\u00eatements publicitaires"},"content":{"rendered":"\n<div class=\"wp-block-cover\"><img loading=\"lazy\" width=\"1920\" height=\"1534\" class=\"wp-block-cover__image-background wp-image-423\" alt=\"\" src=\"https:\/\/ilsimprimerie.fr\/wp-content\/uploads\/2022\/02\/flower-5539374_1920.jpg\" style=\"object-position:48% 51%\" data-object-fit=\"cover\" data-object-position=\"48% 51%\" srcset=\"https:\/\/ilsimprimerie.fr\/wp-content\/uploads\/2022\/02\/flower-5539374_1920.jpg 1920w, https:\/\/ilsimprimerie.fr\/wp-content\/uploads\/2022\/02\/flower-5539374_1920-300x240.jpg 300w, https:\/\/ilsimprimerie.fr\/wp-content\/uploads\/2022\/02\/flower-5539374_1920-1024x818.jpg 1024w, https:\/\/ilsimprimerie.fr\/wp-content\/uploads\/2022\/02\/flower-5539374_1920-768x614.jpg 768w, https:\/\/ilsimprimerie.fr\/wp-content\/uploads\/2022\/02\/flower-5539374_1920-1536x1227.jpg 1536w\" sizes=\"(max-width: 1920px) 100vw, 1920px\" \/><div class=\"wp-block-cover__inner-container\">\n<p class=\"has-text-align-center has-text-color\" style=\"color:#651c2a;font-size:56px\">Objets et v\u00eatements publicitaires<\/p>\n<\/div><\/div>\n\n\n\n<div style=\"height:40px\" aria-hidden=\"true\" class=\"wp-block-spacer\"><\/div>\n\n\n\n<h5 class=\"has-text-align-center has-text-color\" style=\"color:#651c2a\">Communication par l&rsquo;objet, textiles,<br>\u00e9quipement professionnel pour vos collaborateurs.<br>D\u00e9couvrez les solutions I.L.S<\/h5>\n\n\n\n<p class=\"has-text-align-center\">Objets publicitaires, goodies, textiles, nous vous accompagnons dans vos choix.<br>Personnalisation, qualit\u00e9 et ma\u00eetrise de votre budget !<\/p>\n\n\n\n<div class=\"wp-block-columns\">\n<div class=\"wp-block-column is-vertically-aligned-center\">\n<div class=\"wp-block-image\"><figure class=\"aligncenter size-full\"><img loading=\"lazy\" width=\"350\" height=\"350\" src=\"https:\/\/ilsimprimerie.fr\/wp-content\/uploads\/2022\/02\/Goodies_ILS.png\" alt=\"\" class=\"wp-image-569\" srcset=\"https:\/\/ilsimprimerie.fr\/wp-content\/uploads\/2022\/02\/Goodies_ILS.png 350w, https:\/\/ilsimprimerie.fr\/wp-content\/uploads\/2022\/02\/Goodies_ILS-300x300.png 300w, https:\/\/ilsimprimerie.fr\/wp-content\/uploads\/2022\/02\/Goodies_ILS-150x150.png 150w\" sizes=\"(max-width: 350px) 100vw, 350px\" \/><figcaption>Tote bag, stylos, papeterie, flyer, etc.<\/figcaption><\/figure><\/div>\n<\/div>\n\n\n\n<div class=\"wp-block-column\">\n<div class=\"wp-block-image\"><figure class=\"aligncenter size-full\"><img loading=\"lazy\" width=\"350\" height=\"350\" src=\"https:\/\/ilsimprimerie.fr\/wp-content\/uploads\/2022\/02\/Mug_ILS.png\" alt=\"\" class=\"wp-image-573\" srcset=\"https:\/\/ilsimprimerie.fr\/wp-content\/uploads\/2022\/02\/Mug_ILS.png 350w, https:\/\/ilsimprimerie.fr\/wp-content\/uploads\/2022\/02\/Mug_ILS-300x300.png 300w, https:\/\/ilsimprimerie.fr\/wp-content\/uploads\/2022\/02\/Mug_ILS-150x150.png 150w\" sizes=\"(max-width: 350px) 100vw, 350px\" \/><figcaption>Objets publicitaires, Mug, etc.<\/figcaption><\/figure><\/div>\n<\/div>\n\n\n\n<div class=\"wp-block-column\">\n<div class=\"wp-block-image\"><figure class=\"aligncenter size-full\"><img loading=\"lazy\" width=\"350\" height=\"350\" src=\"https:\/\/ilsimprimerie.fr\/wp-content\/uploads\/2022\/02\/Textile_ILS.png\" alt=\"\" class=\"wp-image-574\" srcset=\"https:\/\/ilsimprimerie.fr\/wp-content\/uploads\/2022\/02\/Textile_ILS.png 350w, https:\/\/ilsimprimerie.fr\/wp-content\/uploads\/2022\/02\/Textile_ILS-300x300.png 300w, https:\/\/ilsimprimerie.fr\/wp-content\/uploads\/2022\/02\/Textile_ILS-150x150.png 150w\" sizes=\"(max-width: 350px) 100vw, 350px\" \/><figcaption>Textile personnalis\u00e9, veste, t-shirt, polo, etc.<\/figcaption><\/figure><\/div>\n<\/div>\n<\/div>\n\n\n\n<div style=\"height:40px\" aria-hidden=\"true\" class=\"wp-block-spacer\"><\/div>\n\n\n\n<h5 class=\"has-text-align-center has-text-color\" style=\"color:#651c2a\">Un projet de campagne de publicit\u00e9, Goodies clients ou collaborateurs ?<br>Cr\u00e9ation, fabrication, nous sommes \u00e0 votre \u00e9coute.<br>N&rsquo;h\u00e9sitez pas \u00e0 nous consulter !<\/h5>\n\n\n\n<div style=\"height:30px\" aria-hidden=\"true\" class=\"wp-block-spacer\"><\/div>\n\n\n\n<div class=\"wp-block-columns\">\n<div class=\"wp-block-column is-vertically-aligned-center\"><\/div>\n\n\n\n<div class=\"wp-block-column is-vertically-aligned-center\">\n<div class=\"wp-block-buttons is-content-justification-center\">\n<div class=\"wp-block-button\"><a class=\"wp-block-button__link\" href=\"mailto:contact@ilsimprimerie.fr\">Devis, informations<\/a><\/div>\n<\/div>\n<\/div>\n\n\n\n<div class=\"wp-block-column\"><\/div>\n<\/div>\n","protected":false},"excerpt":{"rendered":"<p>Communication par l&rsquo;objet, textiles,\u00e9quipement professionnel pour vos collaborateurs.D\u00e9couvrez les solutions I.L.S Objets publicitaires, goodies, textiles, nous vous accompagnons dans vos choix.Personnalisation, qualit\u00e9 et ma\u00eetrise de votre budget ! Un projet de campagne de publicit\u00e9, Goodies clients ou collaborateurs ?Cr\u00e9ation, fabrication, nous sommes \u00e0 votre \u00e9coute.N&rsquo;h\u00e9sitez pas \u00e0 nous consulter !<\/p>\n","protected":false},"author":1,"featured_media":0,"parent":0,"menu_order":0,"comment_status":"closed","ping_status":"closed","template":"page-templates\/pagebuilder.php","meta":[],"yoast_head":"<!-- This site is optimized with the Yoast SEO plugin v18.1 - https:\/\/yoast.com\/wordpress\/plugins\/seo\/ -->\n<title>Objets et v\u00eatements publicitaires - I.L.S IMPRIMERIE<\/title>\n<meta name=\"description\" content=\"Objets et v\u00eatements publicitaires \u00e0 Maisons-Alfort et \u00cele-de-France\" \/>\n<meta name=\"robots\" content=\"index, follow, max-snippet:-1, max-image-preview:large, max-video-preview:-1\" \/>\n<link rel=\"canonical\" href=\"https:\/\/ilsimprimerie.fr\/index.php\/objets-et-vetements-publicitaires\/\" \/>\n<meta property=\"og:locale\" content=\"fr_FR\" \/>\n<meta property=\"og:type\" content=\"article\" \/>\n<meta property=\"og:title\" content=\"Objets et v\u00eatements publicitaires - I.L.S IMPRIMERIE\" \/>\n<meta property=\"og:description\" content=\"Objets et v\u00eatements publicitaires \u00e0 Maisons-Alfort et \u00cele-de-France\" \/>\n<meta property=\"og:url\" content=\"https:\/\/ilsimprimerie.fr\/index.php\/objets-et-vetements-publicitaires\/\" \/>\n<meta property=\"og:site_name\" content=\"I.L.S IMPRIMERIE\" \/>\n<meta property=\"article:modified_time\" content=\"2022-02-14T08:55:04+00:00\" \/>\n<meta property=\"og:image\" content=\"https:\/\/ilsimprimerie.fr\/wp-content\/uploads\/2022\/02\/flower-5539374_1920.jpg\" \/>\n<meta name=\"twitter:card\" content=\"summary_large_image\" \/>\n<meta name=\"twitter:label1\" content=\"Dur\u00e9e de lecture estim\u00e9e\" \/>\n\t<meta name=\"twitter:data1\" content=\"2 minutes\" \/>\n<script type=\"application\/ld+json\" class=\"yoast-schema-graph\">{\"@context\":\"https:\/\/schema.org\",\"@graph\":[{\"@type\":\"WebSite\",\"@id\":\"https:\/\/ilsimprimerie.fr\/#website\",\"url\":\"https:\/\/ilsimprimerie.fr\/\",\"name\":\"I.L.S IMPRIMERIE\",\"description\":\"Cr\u00e9ation graphique \/  Conseil  \/ Impression\",\"potentialAction\":[{\"@type\":\"SearchAction\",\"target\":{\"@type\":\"EntryPoint\",\"urlTemplate\":\"https:\/\/ilsimprimerie.fr\/?s={search_term_string}\"},\"query-input\":\"required name=search_term_string\"}],\"inLanguage\":\"fr-FR\"},{\"@type\":\"ImageObject\",\"@id\":\"https:\/\/ilsimprimerie.fr\/index.php\/objets-et-vetements-publicitaires\/#primaryimage\",\"inLanguage\":\"fr-FR\",\"url\":\"https:\/\/ilsimprimerie.fr\/wp-content\/uploads\/2022\/02\/flower-5539374_1920.jpg\",\"contentUrl\":\"https:\/\/ilsimprimerie.fr\/wp-content\/uploads\/2022\/02\/flower-5539374_1920.jpg\",\"width\":1920,\"height\":1534},{\"@type\":\"WebPage\",\"@id\":\"https:\/\/ilsimprimerie.fr\/index.php\/objets-et-vetements-publicitaires\/#webpage\",\"url\":\"https:\/\/ilsimprimerie.fr\/index.php\/objets-et-vetements-publicitaires\/\",\"name\":\"Objets et v\u00eatements publicitaires - I.L.S IMPRIMERIE\",\"isPartOf\":{\"@id\":\"https:\/\/ilsimprimerie.fr\/#website\"},\"primaryImageOfPage\":{\"@id\":\"https:\/\/ilsimprimerie.fr\/index.php\/objets-et-vetements-publicitaires\/#primaryimage\"},\"datePublished\":\"2022-02-03T17:42:41+00:00\",\"dateModified\":\"2022-02-14T08:55:04+00:00\",\"description\":\"Objets et v\u00eatements publicitaires \u00e0 Maisons-Alfort et \u00cele-de-France\",\"breadcrumb\":{\"@id\":\"https:\/\/ilsimprimerie.fr\/index.php\/objets-et-vetements-publicitaires\/#breadcrumb\"},\"inLanguage\":\"fr-FR\",\"potentialAction\":[{\"@type\":\"ReadAction\",\"target\":[\"https:\/\/ilsimprimerie.fr\/index.php\/objets-et-vetements-publicitaires\/\"]}]},{\"@type\":\"BreadcrumbList\",\"@id\":\"https:\/\/ilsimprimerie.fr\/index.php\/objets-et-vetements-publicitaires\/#breadcrumb\",\"itemListElement\":[{\"@type\":\"ListItem\",\"position\":1,\"name\":\"Accueil\",\"item\":\"https:\/\/ilsimprimerie.fr\/\"},{\"@type\":\"ListItem\",\"position\":2,\"name\":\"Objets et v\u00eatements publicitaires\"}]}]}<\/script>\n<!-- \/ Yoast SEO plugin. -->","yoast_head_json":{"title":"Objets et v\u00eatements publicitaires - I.L.S IMPRIMERIE","description":"Objets et v\u00eatements publicitaires \u00e0 Maisons-Alfort et \u00cele-de-France","robots":{"index":"index","follow":"follow","max-snippet":"max-snippet:-1","max-image-preview":"max-image-preview:large","max-video-preview":"max-video-preview:-1"},"canonical":"https:\/\/ilsimprimerie.fr\/index.php\/objets-et-vetements-publicitaires\/","og_locale":"fr_FR","og_type":"article","og_title":"Objets et v\u00eatements publicitaires - I.L.S IMPRIMERIE","og_description":"Objets et v\u00eatements publicitaires \u00e0 Maisons-Alfort et \u00cele-de-France","og_url":"https:\/\/ilsimprimerie.fr\/index.php\/objets-et-vetements-publicitaires\/","og_site_name":"I.L.S IMPRIMERIE","article_modified_time":"2022-02-14T08:55:04+00:00","og_image":[{"url":"https:\/\/ilsimprimerie.fr\/wp-content\/uploads\/2022\/02\/flower-5539374_1920.jpg"}],"twitter_card":"summary_large_image","twitter_misc":{"Dur\u00e9e de lecture estim\u00e9e":"2 minutes"},"schema":{"@context":"https:\/\/schema.org","@graph":[{"@type":"WebSite","@id":"https:\/\/ilsimprimerie.fr\/#website","url":"https:\/\/ilsimprimerie.fr\/","name":"I.L.S IMPRIMERIE","description":"Cr\u00e9ation graphique \/  Conseil  \/ Impression","potentialAction":[{"@type":"SearchAction","target":{"@type":"EntryPoint","urlTemplate":"https:\/\/ilsimprimerie.fr\/?s={search_term_string}"},"query-input":"required name=search_term_string"}],"inLanguage":"fr-FR"},{"@type":"ImageObject","@id":"https:\/\/ilsimprimerie.fr\/index.php\/objets-et-vetements-publicitaires\/#primaryimage","inLanguage":"fr-FR","url":"https:\/\/ilsimprimerie.fr\/wp-content\/uploads\/2022\/02\/flower-5539374_1920.jpg","contentUrl":"https:\/\/ilsimprimerie.fr\/wp-content\/uploads\/2022\/02\/flower-5539374_1920.jpg","width":1920,"height":1534},{"@type":"WebPage","@id":"https:\/\/ilsimprimerie.fr\/index.php\/objets-et-vetements-publicitaires\/#webpage","url":"https:\/\/ilsimprimerie.fr\/index.php\/objets-et-vetements-publicitaires\/","name":"Objets et v\u00eatements publicitaires - I.L.S IMPRIMERIE","isPartOf":{"@id":"https:\/\/ilsimprimerie.fr\/#website"},"primaryImageOfPage":{"@id":"https:\/\/ilsimprimerie.fr\/index.php\/objets-et-vetements-publicitaires\/#primaryimage"},"datePublished":"2022-02-03T17:42:41+00:00","dateModified":"2022-02-14T08:55:04+00:00","description":"Objets et v\u00eatements publicitaires \u00e0 Maisons-Alfort et \u00cele-de-France","breadcrumb":{"@id":"https:\/\/ilsimprimerie.fr\/index.php\/objets-et-vetements-publicitaires\/#breadcrumb"},"inLanguage":"fr-FR","potentialAction":[{"@type":"ReadAction","target":["https:\/\/ilsimprimerie.fr\/index.php\/objets-et-vetements-publicitaires\/"]}]},{"@type":"BreadcrumbList","@id":"https:\/\/ilsimprimerie.fr\/index.php\/objets-et-vetements-publicitaires\/#breadcrumb","itemListElement":[{"@type":"ListItem","position":1,"name":"Accueil","item":"https:\/\/ilsimprimerie.fr\/"},{"@type":"ListItem","position":2,"name":"Objets et v\u00eatements publicitaires"}]}]}},"_links":{"self":[{"href":"https:\/\/ilsimprimerie.fr\/index.php\/wp-json\/wp\/v2\/pages\/147"}],"collection":[{"href":"https:\/\/ilsimprimerie.fr\/index.php\/wp-json\/wp\/v2\/pages"}],"about":[{"href":"https:\/\/ilsimprimerie.fr\/index.php\/wp-json\/wp\/v2\/types\/page"}],"author":[{"embeddable":true,"href":"https:\/\/ilsimprimerie.fr\/index.php\/wp-json\/wp\/v2\/users\/1"}],"replies":[{"embeddable":true,"href":"https:\/\/ilsimprimerie.fr\/index.php\/wp-json\/wp\/v2\/comments?post=147"}],"version-history":[{"count":18,"href":"https:\/\/ilsimprimerie.fr\/index.php\/wp-json\/wp\/v2\/pages\/147\/revisions"}],"predecessor-version":[{"id":631,"href":"https:\/\/ilsimprimerie.fr\/index.php\/wp-json\/wp\/v2\/pages\/147\/revisions\/631"}],"wp:attachment":[{"href":"https:\/\/ilsimprimerie.fr\/index.php\/wp-json\/wp\/v2\/media?parent=147"}],"curies":[{"name":"wp","href":"https:\/\/api.w.org\/{rel}","templated":true}]}}