{"id":158,"date":"2022-02-03T18:52:21","date_gmt":"2022-02-03T17:52:21","guid":{"rendered":"https:\/\/ilsimprimerie.fr\/?page_id=158"},"modified":"2022-02-12T17:38:32","modified_gmt":"2022-02-12T16:38:32","slug":"a-propos-di-l-s","status":"publish","type":"page","link":"https:\/\/ilsimprimerie.fr\/index.php\/a-propos-di-l-s\/","title":{"rendered":"L&rsquo;agence"},"content":{"rendered":"\n<div class=\"wp-block-cover\"><img loading=\"lazy\" width=\"1920\" height=\"500\" class=\"wp-block-cover__image-background wp-image-207\" alt=\"\" src=\"https:\/\/ilsimprimerie.fr\/wp-content\/uploads\/2022\/02\/ILS-Imprimerie_02.png\" data-object-fit=\"cover\" srcset=\"https:\/\/ilsimprimerie.fr\/wp-content\/uploads\/2022\/02\/ILS-Imprimerie_02.png 1920w, https:\/\/ilsimprimerie.fr\/wp-content\/uploads\/2022\/02\/ILS-Imprimerie_02-300x78.png 300w, https:\/\/ilsimprimerie.fr\/wp-content\/uploads\/2022\/02\/ILS-Imprimerie_02-1024x267.png 1024w, https:\/\/ilsimprimerie.fr\/wp-content\/uploads\/2022\/02\/ILS-Imprimerie_02-768x200.png 768w, https:\/\/ilsimprimerie.fr\/wp-content\/uploads\/2022\/02\/ILS-Imprimerie_02-1536x400.png 1536w\" sizes=\"(max-width: 1920px) 100vw, 1920px\" \/><div class=\"wp-block-cover__inner-container\">\n<p class=\"has-text-align-center has-text-color\" style=\"color:#651c2a;font-size:56px\"><strong>L&rsquo;agence<\/strong><\/p>\n<\/div><\/div>\n\n\n\n<div style=\"height:48px\" aria-hidden=\"true\" class=\"wp-block-spacer\"><\/div>\n\n\n\n<div class=\"wp-block-image\"><figure class=\"aligncenter size-full\"><img loading=\"lazy\" width=\"100\" height=\"63\" src=\"https:\/\/ilsimprimerie.fr\/wp-content\/uploads\/2022\/02\/LOGO-ILS-FLAT-FEV-2022-copie.png\" alt=\"\" class=\"wp-image-489\"\/><\/figure><\/div>\n\n\n\n<div class=\"wp-block-columns\">\n<div class=\"wp-block-column\" style=\"flex-basis:25%\"><\/div>\n\n\n\n<div class=\"wp-block-column\" style=\"flex-basis:600%\">\n<div class=\"wp-block-image\"><figure class=\"aligncenter size-full is-resized\"><img loading=\"lazy\" src=\"https:\/\/ilsimprimerie.fr\/wp-content\/uploads\/2022\/02\/Bandeau-ILS.jpg\" alt=\"\" class=\"wp-image-354\" width=\"450\" height=\"100\" srcset=\"https:\/\/ilsimprimerie.fr\/wp-content\/uploads\/2022\/02\/Bandeau-ILS.jpg 1800w, https:\/\/ilsimprimerie.fr\/wp-content\/uploads\/2022\/02\/Bandeau-ILS-300x67.jpg 300w, https:\/\/ilsimprimerie.fr\/wp-content\/uploads\/2022\/02\/Bandeau-ILS-1024x227.jpg 1024w, https:\/\/ilsimprimerie.fr\/wp-content\/uploads\/2022\/02\/Bandeau-ILS-768x170.jpg 768w, https:\/\/ilsimprimerie.fr\/wp-content\/uploads\/2022\/02\/Bandeau-ILS-1536x340.jpg 1536w\" sizes=\"(max-width: 450px) 100vw, 450px\" \/><\/figure><\/div>\n<\/div>\n\n\n\n<div class=\"wp-block-column\" style=\"flex-basis:25%\"><\/div>\n<\/div>\n\n\n\n<div class=\"wp-block-columns\">\n<div class=\"wp-block-column\">\n<div class=\"wp-block-columns\">\n<div class=\"wp-block-column\"><\/div>\n\n\n\n<div class=\"wp-block-column\" style=\"flex-basis:600px\">\n<p>Fond\u00e9e en 1996, <strong>I.L.S<\/strong> est une agence de cr\u00e9ation graphique, bas\u00e9e \u00e0 Maisons-Alfort dans le Val-de-Marne.<\/p>\n\n\n\n<p>Depuis plus de 25 ans, nous sommes au service des TPE, PME, PMI, Grands- Comptes dans toute la France et l\u2019Europe mais aussi pour les particuliers de Maisons-Alfort.<\/p>\n\n\n\n<p>Nous d\u00e9veloppons principalement des supports commerciaux :<\/p>\n\n\n\n<ul><li>Identit\u00e9 visuelle<\/li><li>Cartes de visite<\/li><li>Supports d&rsquo;aide \u00e0 la vente (brochure, plaquette, flyer, etc.)<\/li><li>Argumentaire produit<\/li><li>Catalogue de vente<\/li><li>Book de d\u00e9monstration<\/li><li>Contrat commercial d\u00e9mat\u00e9rialis\u00e9<\/li><li>Encart publicitaire<\/li><li>PLV<\/li><li>Packaging<\/li><li>Objets publicitaires, textile, etc.<\/li><\/ul>\n\n\n\n<p>Nous travaillons dans tous les secteurs d\u2019activit\u00e9, en particulier ceux des laboratoires pharmaceutiques, des laboratoires cosm\u00e9tiques, du luxe mais aussi de l\u2019industrie de la construction.<\/p>\n\n\n\n<p>Gr\u00e2ce \u00e0 notre expertise sur les modalit\u00e9s encadrant les demandes de visa de publicit\u00e9\u2002pour les m\u00e9dicaments (GP\/PM) nous accompagnons nos clients dans les d\u00e9p\u00f4ts aupr\u00e8s de l\u2019<strong>ANSM<\/strong>.<\/p>\n<\/div>\n\n\n\n<div class=\"wp-block-column\"><\/div>\n<\/div>\n<\/div>\n<\/div>\n\n\n\n<div class=\"wp-block-columns\">\n<div class=\"wp-block-column\"><\/div>\n\n\n\n<div class=\"wp-block-column\">\n<div class=\"wp-block-buttons is-content-justification-center\">\n<div class=\"wp-block-button\"><a class=\"wp-block-button__link\" href=\"mailto:contact@ilsimprimerie.fr\">Nous contacter<\/a><\/div>\n<\/div>\n<\/div>\n\n\n\n<div class=\"wp-block-column\"><\/div>\n<\/div>\n\n\n\n<div style=\"height:25px\" aria-hidden=\"true\" class=\"wp-block-spacer\"><\/div>\n\n\n\n<h2 class=\"has-text-align-center\">Partenariats &amp; soutiens<\/h2>\n\n\n\n<div class=\"wp-block-columns\">\n<div class=\"wp-block-column\"><\/div>\n\n\n\n<div class=\"wp-block-column\">\n<div class=\"wp-block-image\"><figure class=\"aligncenter size-full is-resized\"><img loading=\"lazy\" src=\"https:\/\/ilsimprimerie.fr\/wp-content\/uploads\/2022\/02\/TAMANA.png\" alt=\"\" class=\"wp-image-368\" width=\"250\" height=\"98\" srcset=\"https:\/\/ilsimprimerie.fr\/wp-content\/uploads\/2022\/02\/TAMANA.png 500w, https:\/\/ilsimprimerie.fr\/wp-content\/uploads\/2022\/02\/TAMANA-300x117.png 300w\" sizes=\"(max-width: 250px) 100vw, 250px\" \/><figcaption>Association qui a pour mission d&rsquo;am\u00e9liorer le quotidien de la population malgache. En savoir plus sur &gt;&gt; <a href=\"https:\/\/www.helloasso.com\/associations\/tamana\/collectes\/tamana-l-aventure-commence\" target=\"_blank\" rel=\"noreferrer noopener\">TAMANA<\/a><\/figcaption><\/figure><\/div>\n<\/div>\n\n\n\n<div class=\"wp-block-column\"><\/div>\n<\/div>\n\n\n\n<div class=\"wp-block-columns\">\n<div class=\"wp-block-column\"><\/div>\n\n\n\n<div class=\"wp-block-column\">\n<div class=\"wp-block-image\"><figure class=\"aligncenter size-full is-resized\"><img loading=\"lazy\" src=\"https:\/\/ilsimprimerie.fr\/wp-content\/uploads\/2022\/02\/idees-madagascar-copie.png\" alt=\"\" class=\"wp-image-359\" width=\"250\" height=\"77\" srcset=\"https:\/\/ilsimprimerie.fr\/wp-content\/uploads\/2022\/02\/idees-madagascar-copie.png 500w, https:\/\/ilsimprimerie.fr\/wp-content\/uploads\/2022\/02\/idees-madagascar-copie-300x92.png 300w\" sizes=\"(max-width: 250px) 100vw, 250px\" \/><figcaption>Association humanitaire qui contribue au d\u00e9veloppement du pays. En savoir plus sur &gt;&gt; <a rel=\"noreferrer noopener\" href=\"https:\/\/idees.asso.fr\" data-type=\"URL\" data-id=\"https:\/\/idees.asso.fr\" target=\"_blank\">idees.asso.fr<\/a><\/figcaption><\/figure><\/div>\n<\/div>\n\n\n\n<div class=\"wp-block-column\"><\/div>\n<\/div>\n\n\n\n<p><\/p>\n","protected":false},"excerpt":{"rendered":"<p>Fond\u00e9e en 1996, I.L.S est une agence de cr\u00e9ation graphique, bas\u00e9e \u00e0 Maisons-Alfort dans le Val-de-Marne. Depuis plus de 25 ans, nous sommes au service des TPE, PME, PMI, Grands- Comptes dans toute la France et l\u2019Europe mais aussi pour les particuliers de Maisons-Alfort. Nous d\u00e9veloppons principalement des supports commerciaux : Identit\u00e9 visuelle Cartes de [&hellip;]<\/p>\n","protected":false},"author":1,"featured_media":0,"parent":0,"menu_order":0,"comment_status":"closed","ping_status":"closed","template":"page-templates\/pagebuilder.php","meta":[],"yoast_head":"<!-- This site is optimized with the Yoast SEO plugin v18.1 - https:\/\/yoast.com\/wordpress\/plugins\/seo\/ -->\n<title>L&#039;agence - I.L.S IMPRIMERIE<\/title>\n<meta name=\"description\" content=\"Pr\u00e9sentation de l&#039;agence ILS - Cr\u00e9ation graphique et impression \u00e0 Maison-Alfort - 94\" \/>\n<meta name=\"robots\" content=\"index, follow, max-snippet:-1, max-image-preview:large, max-video-preview:-1\" \/>\n<link rel=\"canonical\" href=\"https:\/\/ilsimprimerie.fr\/index.php\/a-propos-di-l-s\/\" \/>\n<meta property=\"og:locale\" content=\"fr_FR\" \/>\n<meta property=\"og:type\" content=\"article\" \/>\n<meta property=\"og:title\" content=\"L&#039;agence - I.L.S IMPRIMERIE\" \/>\n<meta property=\"og:description\" content=\"Pr\u00e9sentation de l&#039;agence ILS - Cr\u00e9ation graphique et impression \u00e0 Maison-Alfort - 94\" \/>\n<meta property=\"og:url\" content=\"https:\/\/ilsimprimerie.fr\/index.php\/a-propos-di-l-s\/\" \/>\n<meta property=\"og:site_name\" content=\"I.L.S IMPRIMERIE\" \/>\n<meta property=\"article:modified_time\" content=\"2022-02-12T16:38:32+00:00\" \/>\n<meta property=\"og:image\" content=\"https:\/\/ilsimprimerie.fr\/wp-content\/uploads\/2022\/02\/ILS-Imprimerie_02.png\" \/>\n<meta name=\"twitter:card\" content=\"summary_large_image\" \/>\n<meta name=\"twitter:label1\" content=\"Dur\u00e9e de lecture estim\u00e9e\" \/>\n\t<meta name=\"twitter:data1\" content=\"2 minutes\" \/>\n<script type=\"application\/ld+json\" class=\"yoast-schema-graph\">{\"@context\":\"https:\/\/schema.org\",\"@graph\":[{\"@type\":\"WebSite\",\"@id\":\"https:\/\/ilsimprimerie.fr\/#website\",\"url\":\"https:\/\/ilsimprimerie.fr\/\",\"name\":\"I.L.S IMPRIMERIE\",\"description\":\"Cr\u00e9ation graphique \/  Conseil  \/ Impression\",\"potentialAction\":[{\"@type\":\"SearchAction\",\"target\":{\"@type\":\"EntryPoint\",\"urlTemplate\":\"https:\/\/ilsimprimerie.fr\/?s={search_term_string}\"},\"query-input\":\"required name=search_term_string\"}],\"inLanguage\":\"fr-FR\"},{\"@type\":\"ImageObject\",\"@id\":\"https:\/\/ilsimprimerie.fr\/index.php\/a-propos-di-l-s\/#primaryimage\",\"inLanguage\":\"fr-FR\",\"url\":\"https:\/\/ilsimprimerie.fr\/wp-content\/uploads\/2022\/02\/ILS-Imprimerie_02.png\",\"contentUrl\":\"https:\/\/ilsimprimerie.fr\/wp-content\/uploads\/2022\/02\/ILS-Imprimerie_02.png\",\"width\":1920,\"height\":500},{\"@type\":\"WebPage\",\"@id\":\"https:\/\/ilsimprimerie.fr\/index.php\/a-propos-di-l-s\/#webpage\",\"url\":\"https:\/\/ilsimprimerie.fr\/index.php\/a-propos-di-l-s\/\",\"name\":\"L'agence - I.L.S IMPRIMERIE\",\"isPartOf\":{\"@id\":\"https:\/\/ilsimprimerie.fr\/#website\"},\"primaryImageOfPage\":{\"@id\":\"https:\/\/ilsimprimerie.fr\/index.php\/a-propos-di-l-s\/#primaryimage\"},\"datePublished\":\"2022-02-03T17:52:21+00:00\",\"dateModified\":\"2022-02-12T16:38:32+00:00\",\"description\":\"Pr\u00e9sentation de l'agence ILS - Cr\u00e9ation graphique et impression \u00e0 Maison-Alfort - 94\",\"breadcrumb\":{\"@id\":\"https:\/\/ilsimprimerie.fr\/index.php\/a-propos-di-l-s\/#breadcrumb\"},\"inLanguage\":\"fr-FR\",\"potentialAction\":[{\"@type\":\"ReadAction\",\"target\":[\"https:\/\/ilsimprimerie.fr\/index.php\/a-propos-di-l-s\/\"]}]},{\"@type\":\"BreadcrumbList\",\"@id\":\"https:\/\/ilsimprimerie.fr\/index.php\/a-propos-di-l-s\/#breadcrumb\",\"itemListElement\":[{\"@type\":\"ListItem\",\"position\":1,\"name\":\"Accueil\",\"item\":\"https:\/\/ilsimprimerie.fr\/\"},{\"@type\":\"ListItem\",\"position\":2,\"name\":\"L&rsquo;agence\"}]}]}<\/script>\n<!-- \/ Yoast SEO plugin. -->","yoast_head_json":{"title":"L'agence - I.L.S IMPRIMERIE","description":"Pr\u00e9sentation de l'agence ILS - Cr\u00e9ation graphique et impression \u00e0 Maison-Alfort - 94","robots":{"index":"index","follow":"follow","max-snippet":"max-snippet:-1","max-image-preview":"max-image-preview:large","max-video-preview":"max-video-preview:-1"},"canonical":"https:\/\/ilsimprimerie.fr\/index.php\/a-propos-di-l-s\/","og_locale":"fr_FR","og_type":"article","og_title":"L'agence - I.L.S IMPRIMERIE","og_description":"Pr\u00e9sentation de l'agence ILS - Cr\u00e9ation graphique et impression \u00e0 Maison-Alfort - 94","og_url":"https:\/\/ilsimprimerie.fr\/index.php\/a-propos-di-l-s\/","og_site_name":"I.L.S IMPRIMERIE","article_modified_time":"2022-02-12T16:38:32+00:00","og_image":[{"url":"https:\/\/ilsimprimerie.fr\/wp-content\/uploads\/2022\/02\/ILS-Imprimerie_02.png"}],"twitter_card":"summary_large_image","twitter_misc":{"Dur\u00e9e de lecture estim\u00e9e":"2 minutes"},"schema":{"@context":"https:\/\/schema.org","@graph":[{"@type":"WebSite","@id":"https:\/\/ilsimprimerie.fr\/#website","url":"https:\/\/ilsimprimerie.fr\/","name":"I.L.S IMPRIMERIE","description":"Cr\u00e9ation graphique \/  Conseil  \/ Impression","potentialAction":[{"@type":"SearchAction","target":{"@type":"EntryPoint","urlTemplate":"https:\/\/ilsimprimerie.fr\/?s={search_term_string}"},"query-input":"required name=search_term_string"}],"inLanguage":"fr-FR"},{"@type":"ImageObject","@id":"https:\/\/ilsimprimerie.fr\/index.php\/a-propos-di-l-s\/#primaryimage","inLanguage":"fr-FR","url":"https:\/\/ilsimprimerie.fr\/wp-content\/uploads\/2022\/02\/ILS-Imprimerie_02.png","contentUrl":"https:\/\/ilsimprimerie.fr\/wp-content\/uploads\/2022\/02\/ILS-Imprimerie_02.png","width":1920,"height":500},{"@type":"WebPage","@id":"https:\/\/ilsimprimerie.fr\/index.php\/a-propos-di-l-s\/#webpage","url":"https:\/\/ilsimprimerie.fr\/index.php\/a-propos-di-l-s\/","name":"L'agence - I.L.S IMPRIMERIE","isPartOf":{"@id":"https:\/\/ilsimprimerie.fr\/#website"},"primaryImageOfPage":{"@id":"https:\/\/ilsimprimerie.fr\/index.php\/a-propos-di-l-s\/#primaryimage"},"datePublished":"2022-02-03T17:52:21+00:00","dateModified":"2022-02-12T16:38:32+00:00","description":"Pr\u00e9sentation de l'agence ILS - Cr\u00e9ation graphique et impression \u00e0 Maison-Alfort - 94","breadcrumb":{"@id":"https:\/\/ilsimprimerie.fr\/index.php\/a-propos-di-l-s\/#breadcrumb"},"inLanguage":"fr-FR","potentialAction":[{"@type":"ReadAction","target":["https:\/\/ilsimprimerie.fr\/index.php\/a-propos-di-l-s\/"]}]},{"@type":"BreadcrumbList","@id":"https:\/\/ilsimprimerie.fr\/index.php\/a-propos-di-l-s\/#breadcrumb","itemListElement":[{"@type":"ListItem","position":1,"name":"Accueil","item":"https:\/\/ilsimprimerie.fr\/"},{"@type":"ListItem","position":2,"name":"L&rsquo;agence"}]}]}},"_links":{"self":[{"href":"https:\/\/ilsimprimerie.fr\/index.php\/wp-json\/wp\/v2\/pages\/158"}],"collection":[{"href":"https:\/\/ilsimprimerie.fr\/index.php\/wp-json\/wp\/v2\/pages"}],"about":[{"href":"https:\/\/ilsimprimerie.fr\/index.php\/wp-json\/wp\/v2\/types\/page"}],"author":[{"embeddable":true,"href":"https:\/\/ilsimprimerie.fr\/index.php\/wp-json\/wp\/v2\/users\/1"}],"replies":[{"embeddable":true,"href":"https:\/\/ilsimprimerie.fr\/index.php\/wp-json\/wp\/v2\/comments?post=158"}],"version-history":[{"count":54,"href":"https:\/\/ilsimprimerie.fr\/index.php\/wp-json\/wp\/v2\/pages\/158\/revisions"}],"predecessor-version":[{"id":490,"href":"https:\/\/ilsimprimerie.fr\/index.php\/wp-json\/wp\/v2\/pages\/158\/revisions\/490"}],"wp:attachment":[{"href":"https:\/\/ilsimprimerie.fr\/index.php\/wp-json\/wp\/v2\/media?parent=158"}],"curies":[{"name":"wp","href":"https:\/\/api.w.org\/{rel}","templated":true}]}}